{"id":4157,"date":"2019-04-11T12:07:55","date_gmt":"2019-04-11T00:07:55","guid":{"rendered":"https:\/\/www.wanakasounz.nz\/yami\/?page_id=4157"},"modified":"2025-04-07T21:25:09","modified_gmt":"2025-04-07T09:25:09","slug":"venue-map","status":"publish","type":"page","link":"https:\/\/wanakasounz.nz\/yami\/information\/venue-map\/","title":{"rendered":"Venue Map"},"content":{"rendered":"\t\t<div data-elementor-type=\"wp-page\" data-elementor-id=\"4157\" class=\"elementor elementor-4157\" data-elementor-post-type=\"page\">\n\t\t\t\t\t\t<section class=\"elementor-section elementor-top-section elementor-element elementor-element-5fa9386 elementor-section-boxed elementor-section-height-default elementor-section-height-default\" data-id=\"5fa9386\" data-element_type=\"section\">\n\t\t\t\t\t\t<div class=\"elementor-container elementor-column-gap-default\">\n\t\t\t\t\t<div class=\"elementor-column elementor-col-100 elementor-top-column elementor-element elementor-element-3150ff85\" data-id=\"3150ff85\" data-element_type=\"column\">\n\t\t\t<div class=\"elementor-widget-wrap elementor-element-populated\">\n\t\t\t\t\t\t<div class=\"elementor-element elementor-element-f374fa2 elementor-widget elementor-widget-text-editor\" data-id=\"f374fa2\" data-element_type=\"widget\" data-widget_type=\"text-editor.default\">\n\t\t\t\t<div class=\"elementor-widget-container\">\n\t\t\t\t\t\t\t<p>YAMI is fortunate enough to have a number of venues situated closely together &#8211; the Lake W\u0101naka Centre, W\u0101naka Hotel and Amigos.<\/p><p>See the map below for the layout of the Lake W\u0101naka Centre.<\/p><p>\u00a0<\/p>\t\t\t\t\t\t<\/div>\n\t\t\t\t<\/div>\n\t\t\t\t<div class=\"elementor-element elementor-element-61fca3e elementor-widget elementor-widget-image\" data-id=\"61fca3e\" data-element_type=\"widget\" data-widget_type=\"image.default\">\n\t\t\t\t<div class=\"elementor-widget-container\">\n\t\t\t\t\t\t\t\t\t\t\t\t\t\t<a href=\"https:\/\/wanakasounz.nz\/yami\/wp-content\/uploads\/2025\/04\/LWC-YAMI-2025.png\" data-elementor-open-lightbox=\"yes\" data-elementor-lightbox-title=\"LWC YAMI 2025\" data-e-action-hash=\"#elementor-action%3Aaction%3Dlightbox%26settings%3DeyJpZCI6Njg3MCwidXJsIjoiaHR0cHM6XC9cL3dhbmFrYXNvdW56Lm56XC95YW1pXC93cC1jb250ZW50XC91cGxvYWRzXC8yMDI1XC8wNFwvTFdDLVlBTUktMjAyNS5wbmcifQ%3D%3D\">\n\t\t\t\t\t\t\t<img fetchpriority=\"high\" decoding=\"async\" width=\"800\" height=\"593\" src=\"https:\/\/wanakasounz.nz\/yami\/wp-content\/uploads\/2025\/04\/LWC-YAMI-2025-1024x759.png\" class=\"attachment-large size-large wp-image-6870\" alt=\"Lake W\u0101naka Centre map YAMI 2025\" srcset=\"https:\/\/wanakasounz.nz\/yami\/wp-content\/uploads\/2025\/04\/LWC-YAMI-2025-1024x759.png 1024w, https:\/\/wanakasounz.nz\/yami\/wp-content\/uploads\/2025\/04\/LWC-YAMI-2025-300x222.png 300w, https:\/\/wanakasounz.nz\/yami\/wp-content\/uploads\/2025\/04\/LWC-YAMI-2025-768x569.png 768w, https:\/\/wanakasounz.nz\/yami\/wp-content\/uploads\/2025\/04\/LWC-YAMI-2025-1536x1139.png 1536w, https:\/\/wanakasounz.nz\/yami\/wp-content\/uploads\/2025\/04\/LWC-YAMI-2025.png 1940w\" sizes=\"(max-width: 800px) 100vw, 800px\" \/>\t\t\t\t\t\t\t\t<\/a>\n\t\t\t\t\t\t\t\t\t\t\t\t\t<\/div>\n\t\t\t\t<\/div>\n\t\t\t\t<div class=\"elementor-element elementor-element-eaaae8b elementor-align-center elementor-widget elementor-widget-button\" data-id=\"eaaae8b\" data-element_type=\"widget\" data-widget_type=\"button.default\">\n\t\t\t\t<div class=\"elementor-widget-container\">\n\t\t\t\t\t\t\t<div class=\"elementor-button-wrapper\">\n\t\t\t\t\t<a class=\"elementor-button elementor-button-link elementor-size-sm\" href=\"https:\/\/wanakasounz.nz\/yami\/wp-content\/uploads\/2025\/04\/LWC-YAMI-2025.pdf\" target=\"_blank\">\n\t\t\t\t\t\t<span class=\"elementor-button-content-wrapper\">\n\t\t\t\t\t\t\t\t\t<span class=\"elementor-button-text\">Download Map as pdf<\/span>\n\t\t\t\t\t<\/span>\n\t\t\t\t\t<\/a>\n\t\t\t\t<\/div>\n\t\t\t\t\t\t<\/div>\n\t\t\t\t<\/div>\n\t\t\t\t\t<\/div>\n\t\t<\/div>\n\t\t\t\t\t<\/div>\n\t\t<\/section>\n\t\t\t\t<\/div>\n\t\t","protected":false},"excerpt":{"rendered":"<p>YAMI is fortunate enough to have a number of venues situated closely together &#8211; the Lake W\u0101naka Centre, W\u0101naka Hotel and Amigos. See the map below for the layout of the Lake W\u0101naka Centre. \u00a0 Download Map as pdf<\/p>\n","protected":false},"author":5,"featured_media":0,"parent":2182,"menu_order":19,"comment_status":"closed","ping_status":"closed","template":"","meta":{"footnotes":""},"class_list":["post-4157","page","type-page","status-publish","hentry"],"_links":{"self":[{"href":"https:\/\/wanakasounz.nz\/yami\/wp-json\/wp\/v2\/pages\/4157","targetHints":{"allow":["GET"]}}],"collection":[{"href":"https:\/\/wanakasounz.nz\/yami\/wp-json\/wp\/v2\/pages"}],"about":[{"href":"https:\/\/wanakasounz.nz\/yami\/wp-json\/wp\/v2\/types\/page"}],"author":[{"embeddable":true,"href":"https:\/\/wanakasounz.nz\/yami\/wp-json\/wp\/v2\/users\/5"}],"replies":[{"embeddable":true,"href":"https:\/\/wanakasounz.nz\/yami\/wp-json\/wp\/v2\/comments?post=4157"}],"version-history":[{"count":41,"href":"https:\/\/wanakasounz.nz\/yami\/wp-json\/wp\/v2\/pages\/4157\/revisions"}],"predecessor-version":[{"id":6878,"href":"https:\/\/wanakasounz.nz\/yami\/wp-json\/wp\/v2\/pages\/4157\/revisions\/6878"}],"up":[{"embeddable":true,"href":"https:\/\/wanakasounz.nz\/yami\/wp-json\/wp\/v2\/pages\/2182"}],"wp:attachment":[{"href":"https:\/\/wanakasounz.nz\/yami\/wp-json\/wp\/v2\/media?parent=4157"}],"curies":[{"name":"wp","href":"https:\/\/api.w.org\/{rel}","templated":true}]}}